{"id":165,"date":"2025-12-01T12:23:54","date_gmt":"2025-12-01T11:23:54","guid":{"rendered":"https:\/\/tropikamacedo.it\/?post_type=product&#038;p=165"},"modified":"2026-03-24T11:03:40","modified_gmt":"2026-03-24T10:03:40","slug":"abito-lungo-nik","status":"publish","type":"product","link":"https:\/\/tropikamacedo.it\/index.php\/prodotto\/abito-lungo-nik\/","title":{"rendered":"Abito Lungo NIk"},"content":{"rendered":"<p><span dir=\"auto\">Un modello che coniuga raffinatezza e modernit\u00e0 in ogni dettaglio. L&#8217;abito lungo Nik \u00e8 realizzato in tessuto micro-fluido, dal drappeggio impeccabile e dalla sensazione di leggerezza. Il suo design pulito \u00e8 impreziosito dalla scollatura all&#8217;americana con colletto decorato con brillantini metallici, che esalta elegantemente il d\u00e9collet\u00e9. Le pieghe delicatamente strutturate sul davanti creano un senso di movimento e raffinatezza, culminando in uno spacco sottile e affascinante. Un capo che incarna il lusso minimalista, perfetto per le occasioni speciali.<\/span><\/p>\n<p><span dir=\"auto\">Dettagli del capo:<\/span><\/p>\n<p><span dir=\"auto\">Realizzato in tessuto micro-fluido, dall&#8217;elegante drappeggio e dalla mano morbida.<\/span><\/p>\n<p><span dir=\"auto\">Scollatura all&#8217;americana con colletto ricamato con brillantini metallici.<\/span><\/p>\n<p><span dir=\"auto\">Vestibilit\u00e0 aderente, che esalta la silhouette femminile.<\/span><\/p>\n<p><span dir=\"auto\">Pieghe frontali che creano movimento e raffinatezza.<\/span><\/p>\n<p><span dir=\"auto\">Spacco discreto sull&#8217;orlo, che aggiunge la giusta dose di sensualit\u00e0.<\/span><\/p>\n<p><strong>Composizione:<\/strong><\/p>\n<p>Poliestere<br \/>\nElastan<br \/>\nFodera: Poliestere<\/p>\n","protected":false},"excerpt":{"rendered":"<p><span dir=\"auto\">Dettagli del capo:<\/span><\/p>\n<p><span dir=\"auto\">Realizzato in tessuto micro-fluido, dall&#8217;elegante drappeggio e dalla mano morbida.<\/span><\/p>\n<p><span dir=\"auto\">Scollatura all&#8217;americana con colletto ricamato con brillantini metallici.<\/span><\/p>\n<p><span dir=\"auto\">Vestibilit\u00e0 aderente, che esalta la silhouette femminile.<\/span><\/p>\n<p><span dir=\"auto\">Pieghe frontali che creano movimento e raffinatezza.<\/span><\/p>\n<p><span dir=\"auto\">Spacco discreto sull&#8217;orlo, che aggiunge la giusta dose di sensualit\u00e0.<\/span><\/p>\n","protected":false},"featured_media":924,"comment_status":"open","ping_status":"closed","template":"","meta":[],"product_brand":[],"product_cat":[30,36],"product_tag":[],"class_list":{"0":"post-165","1":"product","2":"type-product","3":"status-publish","4":"has-post-thumbnail","6":"product_cat-abiti-donna","7":"product_cat-abiti-lunghi","9":"first","10":"instock","11":"shipping-taxable","12":"purchasable","13":"product-type-variable","14":"has-default-attributes"},"yoast_head":"<!-- This site is optimized with the Yoast SEO plugin v26.4 - https:\/\/yoast.com\/wordpress\/plugins\/seo\/ -->\n<title>Abito Lungo NIk - Tropika<\/title>\n<meta name=\"robots\" content=\"index, follow, max-snippet:-1, max-image-preview:large, max-video-preview:-1\" \/>\n<link rel=\"canonical\" href=\"https:\/\/tropikamacedo.it\/index.php\/prodotto\/abito-lungo-nik\/\" \/>\n<meta property=\"og:locale\" content=\"it_IT\" \/>\n<meta property=\"og:type\" content=\"article\" \/>\n<meta property=\"og:title\" content=\"Abito Lungo NIk - Tropika\" \/>\n<meta property=\"og:description\" content=\"Dettagli del capo:  Realizzato in tessuto micro-fluido, dall&#039;elegante drappeggio e dalla mano morbida.  Scollatura all&#039;americana con colletto ricamato con brillantini metallici.  Vestibilit\u00e0 aderente, che esalta la silhouette femminile.  Pieghe frontali che creano movimento e raffinatezza.  Spacco discreto sull&#039;orlo, che aggiunge la giusta dose di sensualit\u00e0.\" \/>\n<meta property=\"og:url\" content=\"https:\/\/tropikamacedo.it\/index.php\/prodotto\/abito-lungo-nik\/\" \/>\n<meta property=\"og:site_name\" content=\"Tropika\" \/>\n<meta property=\"article:modified_time\" content=\"2026-03-24T10:03:40+00:00\" \/>\n<meta property=\"og:image\" content=\"https:\/\/tropikamacedo.it\/wp-content\/uploads\/2026\/01\/0J1A6208-scaled.jpg\" \/>\n\t<meta property=\"og:image:width\" content=\"1707\" \/>\n\t<meta property=\"og:image:height\" content=\"2560\" \/>\n\t<meta property=\"og:image:type\" content=\"image\/jpeg\" \/>\n<meta name=\"twitter:card\" content=\"summary_large_image\" \/>\n<meta name=\"twitter:label1\" content=\"Tempo di lettura stimato\" \/>\n\t<meta name=\"twitter:data1\" content=\"1 minuto\" \/>\n<script type=\"application\/ld+json\" class=\"yoast-schema-graph\">{\"@context\":\"https:\/\/schema.org\",\"@graph\":[{\"@type\":\"WebPage\",\"@id\":\"https:\/\/tropikamacedo.it\/index.php\/prodotto\/abito-lungo-nik\/\",\"url\":\"https:\/\/tropikamacedo.it\/index.php\/prodotto\/abito-lungo-nik\/\",\"name\":\"Abito Lungo NIk - Tropika\",\"isPartOf\":{\"@id\":\"https:\/\/tropikamacedo.it\/#website\"},\"primaryImageOfPage\":{\"@id\":\"https:\/\/tropikamacedo.it\/index.php\/prodotto\/abito-lungo-nik\/#primaryimage\"},\"image\":{\"@id\":\"https:\/\/tropikamacedo.it\/index.php\/prodotto\/abito-lungo-nik\/#primaryimage\"},\"thumbnailUrl\":\"https:\/\/tropikamacedo.it\/wp-content\/uploads\/2026\/01\/0J1A6208-scaled.jpg\",\"datePublished\":\"2025-12-01T11:23:54+00:00\",\"dateModified\":\"2026-03-24T10:03:40+00:00\",\"breadcrumb\":{\"@id\":\"https:\/\/tropikamacedo.it\/index.php\/prodotto\/abito-lungo-nik\/#breadcrumb\"},\"inLanguage\":\"it-IT\",\"potentialAction\":[{\"@type\":\"ReadAction\",\"target\":[\"https:\/\/tropikamacedo.it\/index.php\/prodotto\/abito-lungo-nik\/\"]}]},{\"@type\":\"ImageObject\",\"inLanguage\":\"it-IT\",\"@id\":\"https:\/\/tropikamacedo.it\/index.php\/prodotto\/abito-lungo-nik\/#primaryimage\",\"url\":\"https:\/\/tropikamacedo.it\/wp-content\/uploads\/2026\/01\/0J1A6208-scaled.jpg\",\"contentUrl\":\"https:\/\/tropikamacedo.it\/wp-content\/uploads\/2026\/01\/0J1A6208-scaled.jpg\",\"width\":1707,\"height\":2560},{\"@type\":\"BreadcrumbList\",\"@id\":\"https:\/\/tropikamacedo.it\/index.php\/prodotto\/abito-lungo-nik\/#breadcrumb\",\"itemListElement\":[{\"@type\":\"ListItem\",\"position\":1,\"name\":\"Home\",\"item\":\"https:\/\/tropikamacedo.it\/\"},{\"@type\":\"ListItem\",\"position\":2,\"name\":\"Shop\",\"item\":\"https:\/\/tropikamacedo.it\/index.php\/negozio\/\"},{\"@type\":\"ListItem\",\"position\":3,\"name\":\"Abito Lungo NIk\"}]},{\"@type\":\"WebSite\",\"@id\":\"https:\/\/tropikamacedo.it\/#website\",\"url\":\"https:\/\/tropikamacedo.it\/\",\"name\":\"Tropika\",\"description\":\"\",\"publisher\":{\"@id\":\"https:\/\/tropikamacedo.it\/#organization\"},\"potentialAction\":[{\"@type\":\"SearchAction\",\"target\":{\"@type\":\"EntryPoint\",\"urlTemplate\":\"https:\/\/tropikamacedo.it\/?s={search_term_string}\"},\"query-input\":{\"@type\":\"PropertyValueSpecification\",\"valueRequired\":true,\"valueName\":\"search_term_string\"}}],\"inLanguage\":\"it-IT\"},{\"@type\":\"Organization\",\"@id\":\"https:\/\/tropikamacedo.it\/#organization\",\"name\":\"Tropika\",\"url\":\"https:\/\/tropikamacedo.it\/\",\"logo\":{\"@type\":\"ImageObject\",\"inLanguage\":\"it-IT\",\"@id\":\"https:\/\/tropikamacedo.it\/#\/schema\/logo\/image\/\",\"url\":\"https:\/\/tropikamacedo.it\/wp-content\/uploads\/2025\/12\/identity-logo-02.webp\",\"contentUrl\":\"https:\/\/tropikamacedo.it\/wp-content\/uploads\/2025\/12\/identity-logo-02.webp\",\"width\":227,\"height\":200,\"caption\":\"Tropika\"},\"image\":{\"@id\":\"https:\/\/tropikamacedo.it\/#\/schema\/logo\/image\/\"}}]}<\/script>\n<!-- \/ Yoast SEO plugin. -->","yoast_head_json":{"title":"Abito Lungo NIk - Tropika","robots":{"index":"index","follow":"follow","max-snippet":"max-snippet:-1","max-image-preview":"max-image-preview:large","max-video-preview":"max-video-preview:-1"},"canonical":"https:\/\/tropikamacedo.it\/index.php\/prodotto\/abito-lungo-nik\/","og_locale":"it_IT","og_type":"article","og_title":"Abito Lungo NIk - Tropika","og_description":"Dettagli del capo:  Realizzato in tessuto micro-fluido, dall'elegante drappeggio e dalla mano morbida.  Scollatura all'americana con colletto ricamato con brillantini metallici.  Vestibilit\u00e0 aderente, che esalta la silhouette femminile.  Pieghe frontali che creano movimento e raffinatezza.  Spacco discreto sull'orlo, che aggiunge la giusta dose di sensualit\u00e0.","og_url":"https:\/\/tropikamacedo.it\/index.php\/prodotto\/abito-lungo-nik\/","og_site_name":"Tropika","article_modified_time":"2026-03-24T10:03:40+00:00","og_image":[{"width":1707,"height":2560,"url":"https:\/\/tropikamacedo.it\/wp-content\/uploads\/2026\/01\/0J1A6208-scaled.jpg","type":"image\/jpeg"}],"twitter_card":"summary_large_image","twitter_misc":{"Tempo di lettura stimato":"1 minuto"},"schema":{"@context":"https:\/\/schema.org","@graph":[{"@type":"WebPage","@id":"https:\/\/tropikamacedo.it\/index.php\/prodotto\/abito-lungo-nik\/","url":"https:\/\/tropikamacedo.it\/index.php\/prodotto\/abito-lungo-nik\/","name":"Abito Lungo NIk - Tropika","isPartOf":{"@id":"https:\/\/tropikamacedo.it\/#website"},"primaryImageOfPage":{"@id":"https:\/\/tropikamacedo.it\/index.php\/prodotto\/abito-lungo-nik\/#primaryimage"},"image":{"@id":"https:\/\/tropikamacedo.it\/index.php\/prodotto\/abito-lungo-nik\/#primaryimage"},"thumbnailUrl":"https:\/\/tropikamacedo.it\/wp-content\/uploads\/2026\/01\/0J1A6208-scaled.jpg","datePublished":"2025-12-01T11:23:54+00:00","dateModified":"2026-03-24T10:03:40+00:00","breadcrumb":{"@id":"https:\/\/tropikamacedo.it\/index.php\/prodotto\/abito-lungo-nik\/#breadcrumb"},"inLanguage":"it-IT","potentialAction":[{"@type":"ReadAction","target":["https:\/\/tropikamacedo.it\/index.php\/prodotto\/abito-lungo-nik\/"]}]},{"@type":"ImageObject","inLanguage":"it-IT","@id":"https:\/\/tropikamacedo.it\/index.php\/prodotto\/abito-lungo-nik\/#primaryimage","url":"https:\/\/tropikamacedo.it\/wp-content\/uploads\/2026\/01\/0J1A6208-scaled.jpg","contentUrl":"https:\/\/tropikamacedo.it\/wp-content\/uploads\/2026\/01\/0J1A6208-scaled.jpg","width":1707,"height":2560},{"@type":"BreadcrumbList","@id":"https:\/\/tropikamacedo.it\/index.php\/prodotto\/abito-lungo-nik\/#breadcrumb","itemListElement":[{"@type":"ListItem","position":1,"name":"Home","item":"https:\/\/tropikamacedo.it\/"},{"@type":"ListItem","position":2,"name":"Shop","item":"https:\/\/tropikamacedo.it\/index.php\/negozio\/"},{"@type":"ListItem","position":3,"name":"Abito Lungo NIk"}]},{"@type":"WebSite","@id":"https:\/\/tropikamacedo.it\/#website","url":"https:\/\/tropikamacedo.it\/","name":"Tropika","description":"","publisher":{"@id":"https:\/\/tropikamacedo.it\/#organization"},"potentialAction":[{"@type":"SearchAction","target":{"@type":"EntryPoint","urlTemplate":"https:\/\/tropikamacedo.it\/?s={search_term_string}"},"query-input":{"@type":"PropertyValueSpecification","valueRequired":true,"valueName":"search_term_string"}}],"inLanguage":"it-IT"},{"@type":"Organization","@id":"https:\/\/tropikamacedo.it\/#organization","name":"Tropika","url":"https:\/\/tropikamacedo.it\/","logo":{"@type":"ImageObject","inLanguage":"it-IT","@id":"https:\/\/tropikamacedo.it\/#\/schema\/logo\/image\/","url":"https:\/\/tropikamacedo.it\/wp-content\/uploads\/2025\/12\/identity-logo-02.webp","contentUrl":"https:\/\/tropikamacedo.it\/wp-content\/uploads\/2025\/12\/identity-logo-02.webp","width":227,"height":200,"caption":"Tropika"},"image":{"@id":"https:\/\/tropikamacedo.it\/#\/schema\/logo\/image\/"}}]}},"_links":{"self":[{"href":"https:\/\/tropikamacedo.it\/index.php\/wp-json\/wp\/v2\/product\/165","targetHints":{"allow":["GET"]}}],"collection":[{"href":"https:\/\/tropikamacedo.it\/index.php\/wp-json\/wp\/v2\/product"}],"about":[{"href":"https:\/\/tropikamacedo.it\/index.php\/wp-json\/wp\/v2\/types\/product"}],"replies":[{"embeddable":true,"href":"https:\/\/tropikamacedo.it\/index.php\/wp-json\/wp\/v2\/comments?post=165"}],"version-history":[{"count":5,"href":"https:\/\/tropikamacedo.it\/index.php\/wp-json\/wp\/v2\/product\/165\/revisions"}],"predecessor-version":[{"id":2118,"href":"https:\/\/tropikamacedo.it\/index.php\/wp-json\/wp\/v2\/product\/165\/revisions\/2118"}],"wp:featuredmedia":[{"embeddable":true,"href":"https:\/\/tropikamacedo.it\/index.php\/wp-json\/wp\/v2\/media\/924"}],"wp:attachment":[{"href":"https:\/\/tropikamacedo.it\/index.php\/wp-json\/wp\/v2\/media?parent=165"}],"wp:term":[{"taxonomy":"product_brand","embeddable":true,"href":"https:\/\/tropikamacedo.it\/index.php\/wp-json\/wp\/v2\/product_brand?post=165"},{"taxonomy":"product_cat","embeddable":true,"href":"https:\/\/tropikamacedo.it\/index.php\/wp-json\/wp\/v2\/product_cat?post=165"},{"taxonomy":"product_tag","embeddable":true,"href":"https:\/\/tropikamacedo.it\/index.php\/wp-json\/wp\/v2\/product_tag?post=165"}],"curies":[{"name":"wp","href":"https:\/\/api.w.org\/{rel}","templated":true}]}}