{"id":209,"date":"2025-12-01T12:50:28","date_gmt":"2025-12-01T11:50:28","guid":{"rendered":"https:\/\/tropikamacedo.it\/?post_type=product&#038;p=209"},"modified":"2026-03-24T11:05:41","modified_gmt":"2026-03-24T10:05:41","slug":"abito-harumi","status":"publish","type":"product","link":"https:\/\/tropikamacedo.it\/index.php\/prodotto\/abito-harumi\/","title":{"rendered":"Abito Harumi"},"content":{"rendered":"<p><span dir=\"auto\">Imponente e pieno di personalit\u00e0, l&#8217;abito lungo Harumi \u00e8 la definizione di raffinatezza con un tocco contemporaneo. In un&#8217;intensa tonalit\u00e0 di marrone, si affida alla potenza dei tagli e alla fluidit\u00e0 del tessuto per creare una silhouette sorprendente. La scollatura chiusa contrasta con l&#8217;audacia dello spacco profondo, rivelando le gambe con eleganza. Dettagli come le maniche lunghe con polsini decorati impreziosiscono ulteriormente il look, ideale per occasioni serali ed eventi speciali.<\/span><\/p>\n<p><span dir=\"auto\">Dettagli del capo:<\/span><\/p>\n<p><span dir=\"auto\">Abito lungo in una tonalit\u00e0 marrone terra<\/span><\/p>\n<p><span dir=\"auto\">Taglio dritto con un drappeggio leggero e fluido<\/span><\/p>\n<p><span dir=\"auto\">Scollatura chiusa con colletto discreto<\/span><\/p>\n<p><span dir=\"auto\">Maniche lunghe con polsini aderenti e dettaglio di apertura per il pollice<\/span><\/p>\n<p><span dir=\"auto\">Profondo spacco frontale che esalta movimento e sensualit\u00e0<\/span><\/p>\n<p><span dir=\"auto\">Dettagli dorati sui polsini (bracciali non inclusi) per un tocco sofisticato<\/span><\/p>\n<p><strong>Composizione:<\/strong><\/p>\n<p>Poliestere<br \/>\nElastan<br \/>\nFodera: Poliestere<\/p>\n","protected":false},"excerpt":{"rendered":"<p><span dir=\"auto\">Dettagli del capo:<\/span><\/p>\n<p><span dir=\"auto\">Abito lungo in una tonalit\u00e0 marrone terra<\/span><\/p>\n<p><span dir=\"auto\">Taglio dritto con un drappeggio leggero e fluido<\/span><\/p>\n<p><span dir=\"auto\">Scollatura chiusa con colletto discreto<\/span><\/p>\n<p><span dir=\"auto\">Maniche lunghe con polsini aderenti e dettaglio di apertura per il pollice<\/span><\/p>\n<p><span dir=\"auto\">Profondo spacco frontale che esalta movimento e sensualit\u00e0<\/span><\/p>\n<p><span dir=\"auto\">Dettagli dorati sui polsini (bracciali non inclusi) per un tocco sofisticato<\/span><\/p>\n","protected":false},"featured_media":1289,"comment_status":"open","ping_status":"closed","template":"","meta":[],"product_brand":[],"product_cat":[30,36],"product_tag":[],"class_list":{"0":"post-209","1":"product","2":"type-product","3":"status-publish","4":"has-post-thumbnail","6":"product_cat-abiti-donna","7":"product_cat-abiti-lunghi","9":"first","10":"instock","11":"shipping-taxable","12":"purchasable","13":"product-type-variable","14":"has-default-attributes"},"yoast_head":"<!-- This site is optimized with the Yoast SEO plugin v26.4 - https:\/\/yoast.com\/wordpress\/plugins\/seo\/ -->\n<title>Abito Harumi - Tropika<\/title>\n<meta name=\"robots\" content=\"index, follow, max-snippet:-1, max-image-preview:large, max-video-preview:-1\" \/>\n<link rel=\"canonical\" href=\"https:\/\/tropikamacedo.it\/index.php\/prodotto\/abito-harumi\/\" \/>\n<meta property=\"og:locale\" content=\"it_IT\" \/>\n<meta property=\"og:type\" content=\"article\" \/>\n<meta property=\"og:title\" content=\"Abito Harumi - Tropika\" \/>\n<meta property=\"og:description\" content=\"Dettagli del capo:  Abito lungo in una tonalit\u00e0 marrone terra  Taglio dritto con un drappeggio leggero e fluido  Scollatura chiusa con colletto discreto  Maniche lunghe con polsini aderenti e dettaglio di apertura per il pollice  Profondo spacco frontale che esalta movimento e sensualit\u00e0  Dettagli dorati sui polsini (bracciali non inclusi) per un tocco sofisticato\" \/>\n<meta property=\"og:url\" content=\"https:\/\/tropikamacedo.it\/index.php\/prodotto\/abito-harumi\/\" \/>\n<meta property=\"og:site_name\" content=\"Tropika\" \/>\n<meta property=\"article:modified_time\" content=\"2026-03-24T10:05:41+00:00\" \/>\n<meta property=\"og:image\" content=\"https:\/\/tropikamacedo.it\/wp-content\/uploads\/2025\/12\/0J1A6181-scaled.jpg\" \/>\n\t<meta property=\"og:image:width\" content=\"1706\" \/>\n\t<meta property=\"og:image:height\" content=\"2560\" \/>\n\t<meta property=\"og:image:type\" content=\"image\/jpeg\" \/>\n<meta name=\"twitter:card\" content=\"summary_large_image\" \/>\n<meta name=\"twitter:label1\" content=\"Tempo di lettura stimato\" \/>\n\t<meta name=\"twitter:data1\" content=\"1 minuto\" \/>\n<script type=\"application\/ld+json\" class=\"yoast-schema-graph\">{\"@context\":\"https:\/\/schema.org\",\"@graph\":[{\"@type\":\"WebPage\",\"@id\":\"https:\/\/tropikamacedo.it\/index.php\/prodotto\/abito-harumi\/\",\"url\":\"https:\/\/tropikamacedo.it\/index.php\/prodotto\/abito-harumi\/\",\"name\":\"Abito Harumi - Tropika\",\"isPartOf\":{\"@id\":\"https:\/\/tropikamacedo.it\/#website\"},\"primaryImageOfPage\":{\"@id\":\"https:\/\/tropikamacedo.it\/index.php\/prodotto\/abito-harumi\/#primaryimage\"},\"image\":{\"@id\":\"https:\/\/tropikamacedo.it\/index.php\/prodotto\/abito-harumi\/#primaryimage\"},\"thumbnailUrl\":\"https:\/\/tropikamacedo.it\/wp-content\/uploads\/2025\/12\/0J1A6181-scaled.jpg\",\"datePublished\":\"2025-12-01T11:50:28+00:00\",\"dateModified\":\"2026-03-24T10:05:41+00:00\",\"breadcrumb\":{\"@id\":\"https:\/\/tropikamacedo.it\/index.php\/prodotto\/abito-harumi\/#breadcrumb\"},\"inLanguage\":\"it-IT\",\"potentialAction\":[{\"@type\":\"ReadAction\",\"target\":[\"https:\/\/tropikamacedo.it\/index.php\/prodotto\/abito-harumi\/\"]}]},{\"@type\":\"ImageObject\",\"inLanguage\":\"it-IT\",\"@id\":\"https:\/\/tropikamacedo.it\/index.php\/prodotto\/abito-harumi\/#primaryimage\",\"url\":\"https:\/\/tropikamacedo.it\/wp-content\/uploads\/2025\/12\/0J1A6181-scaled.jpg\",\"contentUrl\":\"https:\/\/tropikamacedo.it\/wp-content\/uploads\/2025\/12\/0J1A6181-scaled.jpg\",\"width\":1706,\"height\":2560},{\"@type\":\"BreadcrumbList\",\"@id\":\"https:\/\/tropikamacedo.it\/index.php\/prodotto\/abito-harumi\/#breadcrumb\",\"itemListElement\":[{\"@type\":\"ListItem\",\"position\":1,\"name\":\"Home\",\"item\":\"https:\/\/tropikamacedo.it\/\"},{\"@type\":\"ListItem\",\"position\":2,\"name\":\"Shop\",\"item\":\"https:\/\/tropikamacedo.it\/index.php\/negozio\/\"},{\"@type\":\"ListItem\",\"position\":3,\"name\":\"Abito Harumi\"}]},{\"@type\":\"WebSite\",\"@id\":\"https:\/\/tropikamacedo.it\/#website\",\"url\":\"https:\/\/tropikamacedo.it\/\",\"name\":\"Tropika\",\"description\":\"\",\"publisher\":{\"@id\":\"https:\/\/tropikamacedo.it\/#organization\"},\"potentialAction\":[{\"@type\":\"SearchAction\",\"target\":{\"@type\":\"EntryPoint\",\"urlTemplate\":\"https:\/\/tropikamacedo.it\/?s={search_term_string}\"},\"query-input\":{\"@type\":\"PropertyValueSpecification\",\"valueRequired\":true,\"valueName\":\"search_term_string\"}}],\"inLanguage\":\"it-IT\"},{\"@type\":\"Organization\",\"@id\":\"https:\/\/tropikamacedo.it\/#organization\",\"name\":\"Tropika\",\"url\":\"https:\/\/tropikamacedo.it\/\",\"logo\":{\"@type\":\"ImageObject\",\"inLanguage\":\"it-IT\",\"@id\":\"https:\/\/tropikamacedo.it\/#\/schema\/logo\/image\/\",\"url\":\"https:\/\/tropikamacedo.it\/wp-content\/uploads\/2025\/12\/identity-logo-02.webp\",\"contentUrl\":\"https:\/\/tropikamacedo.it\/wp-content\/uploads\/2025\/12\/identity-logo-02.webp\",\"width\":227,\"height\":200,\"caption\":\"Tropika\"},\"image\":{\"@id\":\"https:\/\/tropikamacedo.it\/#\/schema\/logo\/image\/\"}}]}<\/script>\n<!-- \/ Yoast SEO plugin. -->","yoast_head_json":{"title":"Abito Harumi - Tropika","robots":{"index":"index","follow":"follow","max-snippet":"max-snippet:-1","max-image-preview":"max-image-preview:large","max-video-preview":"max-video-preview:-1"},"canonical":"https:\/\/tropikamacedo.it\/index.php\/prodotto\/abito-harumi\/","og_locale":"it_IT","og_type":"article","og_title":"Abito Harumi - Tropika","og_description":"Dettagli del capo:  Abito lungo in una tonalit\u00e0 marrone terra  Taglio dritto con un drappeggio leggero e fluido  Scollatura chiusa con colletto discreto  Maniche lunghe con polsini aderenti e dettaglio di apertura per il pollice  Profondo spacco frontale che esalta movimento e sensualit\u00e0  Dettagli dorati sui polsini (bracciali non inclusi) per un tocco sofisticato","og_url":"https:\/\/tropikamacedo.it\/index.php\/prodotto\/abito-harumi\/","og_site_name":"Tropika","article_modified_time":"2026-03-24T10:05:41+00:00","og_image":[{"width":1706,"height":2560,"url":"https:\/\/tropikamacedo.it\/wp-content\/uploads\/2025\/12\/0J1A6181-scaled.jpg","type":"image\/jpeg"}],"twitter_card":"summary_large_image","twitter_misc":{"Tempo di lettura stimato":"1 minuto"},"schema":{"@context":"https:\/\/schema.org","@graph":[{"@type":"WebPage","@id":"https:\/\/tropikamacedo.it\/index.php\/prodotto\/abito-harumi\/","url":"https:\/\/tropikamacedo.it\/index.php\/prodotto\/abito-harumi\/","name":"Abito Harumi - Tropika","isPartOf":{"@id":"https:\/\/tropikamacedo.it\/#website"},"primaryImageOfPage":{"@id":"https:\/\/tropikamacedo.it\/index.php\/prodotto\/abito-harumi\/#primaryimage"},"image":{"@id":"https:\/\/tropikamacedo.it\/index.php\/prodotto\/abito-harumi\/#primaryimage"},"thumbnailUrl":"https:\/\/tropikamacedo.it\/wp-content\/uploads\/2025\/12\/0J1A6181-scaled.jpg","datePublished":"2025-12-01T11:50:28+00:00","dateModified":"2026-03-24T10:05:41+00:00","breadcrumb":{"@id":"https:\/\/tropikamacedo.it\/index.php\/prodotto\/abito-harumi\/#breadcrumb"},"inLanguage":"it-IT","potentialAction":[{"@type":"ReadAction","target":["https:\/\/tropikamacedo.it\/index.php\/prodotto\/abito-harumi\/"]}]},{"@type":"ImageObject","inLanguage":"it-IT","@id":"https:\/\/tropikamacedo.it\/index.php\/prodotto\/abito-harumi\/#primaryimage","url":"https:\/\/tropikamacedo.it\/wp-content\/uploads\/2025\/12\/0J1A6181-scaled.jpg","contentUrl":"https:\/\/tropikamacedo.it\/wp-content\/uploads\/2025\/12\/0J1A6181-scaled.jpg","width":1706,"height":2560},{"@type":"BreadcrumbList","@id":"https:\/\/tropikamacedo.it\/index.php\/prodotto\/abito-harumi\/#breadcrumb","itemListElement":[{"@type":"ListItem","position":1,"name":"Home","item":"https:\/\/tropikamacedo.it\/"},{"@type":"ListItem","position":2,"name":"Shop","item":"https:\/\/tropikamacedo.it\/index.php\/negozio\/"},{"@type":"ListItem","position":3,"name":"Abito Harumi"}]},{"@type":"WebSite","@id":"https:\/\/tropikamacedo.it\/#website","url":"https:\/\/tropikamacedo.it\/","name":"Tropika","description":"","publisher":{"@id":"https:\/\/tropikamacedo.it\/#organization"},"potentialAction":[{"@type":"SearchAction","target":{"@type":"EntryPoint","urlTemplate":"https:\/\/tropikamacedo.it\/?s={search_term_string}"},"query-input":{"@type":"PropertyValueSpecification","valueRequired":true,"valueName":"search_term_string"}}],"inLanguage":"it-IT"},{"@type":"Organization","@id":"https:\/\/tropikamacedo.it\/#organization","name":"Tropika","url":"https:\/\/tropikamacedo.it\/","logo":{"@type":"ImageObject","inLanguage":"it-IT","@id":"https:\/\/tropikamacedo.it\/#\/schema\/logo\/image\/","url":"https:\/\/tropikamacedo.it\/wp-content\/uploads\/2025\/12\/identity-logo-02.webp","contentUrl":"https:\/\/tropikamacedo.it\/wp-content\/uploads\/2025\/12\/identity-logo-02.webp","width":227,"height":200,"caption":"Tropika"},"image":{"@id":"https:\/\/tropikamacedo.it\/#\/schema\/logo\/image\/"}}]}},"_links":{"self":[{"href":"https:\/\/tropikamacedo.it\/index.php\/wp-json\/wp\/v2\/product\/209","targetHints":{"allow":["GET"]}}],"collection":[{"href":"https:\/\/tropikamacedo.it\/index.php\/wp-json\/wp\/v2\/product"}],"about":[{"href":"https:\/\/tropikamacedo.it\/index.php\/wp-json\/wp\/v2\/types\/product"}],"replies":[{"embeddable":true,"href":"https:\/\/tropikamacedo.it\/index.php\/wp-json\/wp\/v2\/comments?post=209"}],"version-history":[{"count":6,"href":"https:\/\/tropikamacedo.it\/index.php\/wp-json\/wp\/v2\/product\/209\/revisions"}],"predecessor-version":[{"id":2123,"href":"https:\/\/tropikamacedo.it\/index.php\/wp-json\/wp\/v2\/product\/209\/revisions\/2123"}],"wp:featuredmedia":[{"embeddable":true,"href":"https:\/\/tropikamacedo.it\/index.php\/wp-json\/wp\/v2\/media\/1289"}],"wp:attachment":[{"href":"https:\/\/tropikamacedo.it\/index.php\/wp-json\/wp\/v2\/media?parent=209"}],"wp:term":[{"taxonomy":"product_brand","embeddable":true,"href":"https:\/\/tropikamacedo.it\/index.php\/wp-json\/wp\/v2\/product_brand?post=209"},{"taxonomy":"product_cat","embeddable":true,"href":"https:\/\/tropikamacedo.it\/index.php\/wp-json\/wp\/v2\/product_cat?post=209"},{"taxonomy":"product_tag","embeddable":true,"href":"https:\/\/tropikamacedo.it\/index.php\/wp-json\/wp\/v2\/product_tag?post=209"}],"curies":[{"name":"wp","href":"https:\/\/api.w.org\/{rel}","templated":true}]}}